{"id":973,"date":"2022-12-20T22:42:22","date_gmt":"2022-12-20T23:42:22","guid":{"rendered":"https:\/\/fmartinsapartment.com\/?page_id=973"},"modified":"2024-10-28T18:58:41","modified_gmt":"2024-10-28T19:58:41","slug":"cookiespolicy","status":"publish","type":"page","link":"https:\/\/quintadashortencias.com\/en\/cookiespolicy\/","title":{"rendered":"POL\u00cdTICA DE COOKIES"},"content":{"rendered":"<div data-elementor-type=\"wp-page\" data-elementor-id=\"973\" class=\"elementor elementor-973\">\n\t\t\t\t\t\t\t\t\t<section class=\"elementor-section elementor-top-section elementor-element elementor-element-4409abd elementor-section-boxed elementor-section-height-default elementor-section-height-default\" data-id=\"4409abd\" data-element_type=\"section\" data-settings=\"{&quot;background_background&quot;:&quot;classic&quot;}\">\n\t\t\t\t\t\t<div class=\"elementor-container elementor-column-gap-default\">\n\t\t\t\t\t<div class=\"elementor-column elementor-col-100 elementor-top-column elementor-element elementor-element-753a042d\" data-id=\"753a042d\" data-element_type=\"column\">\n\t\t\t<div class=\"elementor-widget-wrap elementor-element-populated\">\n\t\t\t\t\t\t\t\t<div class=\"elementor-element elementor-element-6e480ba2 elementor-invisible elementor-widget elementor-widget-heading\" data-id=\"6e480ba2\" data-element_type=\"widget\" data-settings=\"{&quot;_animation&quot;:&quot;fadeInUp&quot;,&quot;_animation_mobile&quot;:&quot;fadeInLeft&quot;}\" data-widget_type=\"heading.default\">\n\t\t\t\t<div class=\"elementor-widget-container\">\n\t\t\t<style>\/*! elementor - v3.12.1 - 02-04-2023 *\/\n.elementor-heading-title{padding:0;margin:0;line-height:1}.elementor-widget-heading .elementor-heading-title[class*=elementor-size-]>a{color:inherit;font-size:inherit;line-height:inherit}.elementor-widget-heading .elementor-heading-title.elementor-size-small{font-size:15px}.elementor-widget-heading .elementor-heading-title.elementor-size-medium{font-size:19px}.elementor-widget-heading .elementor-heading-title.elementor-size-large{font-size:29px}.elementor-widget-heading .elementor-heading-title.elementor-size-xl{font-size:39px}.elementor-widget-heading .elementor-heading-title.elementor-size-xxl{font-size:59px}<\/style><h5 class=\"elementor-heading-title elementor-size-default\">Quinta das Hort\u00eancias<\/h5>\t\t<\/div>\n\t\t\t\t<\/div>\n\t\t\t\t<div class=\"elementor-element elementor-element-44baec91 elementor-invisible elementor-widget elementor-widget-heading\" data-id=\"44baec91\" data-element_type=\"widget\" data-settings=\"{&quot;_animation&quot;:&quot;fadeInUp&quot;,&quot;_animation_delay&quot;:200,&quot;_animation_mobile&quot;:&quot;fadeInLeft&quot;}\" data-widget_type=\"heading.default\">\n\t\t\t\t<div class=\"elementor-widget-container\">\n\t\t\t<h1 class=\"elementor-heading-title elementor-size-default\">Cookies Policy<\/h1>\t\t<\/div>\n\t\t\t\t<\/div>\n\t\t\t\t\t<\/div>\n\t\t<\/div>\n\t\t\t\t\t\t\t<\/div>\n\t\t<\/section>\n\t\t\t\t<section class=\"elementor-section elementor-top-section elementor-element elementor-element-35e97298 elementor-section-content-middle elementor-section-boxed elementor-section-height-default elementor-section-height-default\" data-id=\"35e97298\" data-element_type=\"section\">\n\t\t\t\t\t\t<div class=\"elementor-container elementor-column-gap-default\">\n\t\t\t\t\t<div class=\"elementor-column elementor-col-100 elementor-top-column elementor-element elementor-element-1245677d\" data-id=\"1245677d\" data-element_type=\"column\">\n\t\t\t<div class=\"elementor-widget-wrap elementor-element-populated\">\n\t\t\t\t\t\t\t\t<div class=\"elementor-element elementor-element-573f5091 elementor-invisible elementor-widget elementor-widget-text-editor\" data-id=\"573f5091\" data-element_type=\"widget\" data-settings=\"{&quot;_animation&quot;:&quot;fadeInUp&quot;}\" data-widget_type=\"text-editor.default\">\n\t\t\t\t<div class=\"elementor-widget-container\">\n\t\t\t<style>\/*! elementor - v3.12.1 - 02-04-2023 *\/\n.elementor-widget-text-editor.elementor-drop-cap-view-stacked .elementor-drop-cap{background-color:#69727d;color:#fff}.elementor-widget-text-editor.elementor-drop-cap-view-framed .elementor-drop-cap{color:#69727d;border:3px solid;background-color:transparent}.elementor-widget-text-editor:not(.elementor-drop-cap-view-default) .elementor-drop-cap{margin-top:8px}.elementor-widget-text-editor:not(.elementor-drop-cap-view-default) .elementor-drop-cap-letter{width:1em;height:1em}.elementor-widget-text-editor .elementor-drop-cap{float:left;text-align:center;line-height:1;font-size:50px}.elementor-widget-text-editor .elementor-drop-cap-letter{display:inline-block}<\/style>\t\t\t\tThis website uses cookies to improve its service.\t\t\t\t\t\t<\/div>\n\t\t\t\t<\/div>\n\t\t\t\t<div class=\"elementor-element elementor-element-28324e7a elementor-invisible elementor-widget elementor-widget-heading\" data-id=\"28324e7a\" data-element_type=\"widget\" data-settings=\"{&quot;_animation&quot;:&quot;fadeInUp&quot;}\" data-widget_type=\"heading.default\">\n\t\t\t\t<div class=\"elementor-widget-container\">\n\t\t\t<h2 class=\"elementor-heading-title elementor-size-default\">1 \u2013 WHAT ARE COOKIES?<\/h2>\t\t<\/div>\n\t\t\t\t<\/div>\n\t\t\t\t<div class=\"elementor-element elementor-element-4d1c3f4 elementor-invisible elementor-widget elementor-widget-text-editor\" data-id=\"4d1c3f4\" data-element_type=\"widget\" data-settings=\"{&quot;_animation&quot;:&quot;fadeInUp&quot;}\" data-widget_type=\"text-editor.default\">\n\t\t\t\t<div class=\"elementor-widget-container\">\n\t\t\t\t\t\t\t<p>The cookies are small text files that a website, when visited by the user, places on their computer or mobile device through the internet browser (browser). The placement of cookies will help the site to recognize your device the next time the user visits it.<\/p><p>We use the term cookies in this policy to refer to all files that collect information in this way. Some cookies are essential to guarantee the functionalities provided, while others are intended to improve performance and user experience. You should not continue to access our website after the warning about cookies, if you do not agree with their use.<\/p>\t\t\t\t\t\t<\/div>\n\t\t\t\t<\/div>\n\t\t\t\t<div class=\"elementor-element elementor-element-65dbcc3 elementor-invisible elementor-widget elementor-widget-heading\" data-id=\"65dbcc3\" data-element_type=\"widget\" data-settings=\"{&quot;_animation&quot;:&quot;fadeInUp&quot;}\" data-widget_type=\"heading.default\">\n\t\t\t\t<div class=\"elementor-widget-container\">\n\t\t\t<h2 class=\"elementor-heading-title elementor-size-default\">2 - ACCEPT<\/h2>\t\t<\/div>\n\t\t\t\t<\/div>\n\t\t\t\t<div class=\"elementor-element elementor-element-003730c elementor-invisible elementor-widget elementor-widget-text-editor\" data-id=\"003730c\" data-element_type=\"widget\" data-settings=\"{&quot;_animation&quot;:&quot;fadeInUp&quot;}\" data-widget_type=\"text-editor.default\">\n\t\t\t\t<div class=\"elementor-widget-container\">\n\t\t\t\t\t\t\t<p>You may at any time choose to accept or refuse the installation of cookies on your terminal by configuring the navigation software.<\/p><p class=\" translation-block\"><b>2.1<\/b> If you accept cookies<br>\nThe registration of a cookie on your terminal depends on your will. At any time, you will be able to express and modify your choice free of charge through the options provided by your navigation software.<\/p><p>If you have accepted the recording of cookies on your terminal in the browser software you are using, the cookies integrated into the pages and contents you have consulted may be temporarily stored in a specific space on your terminal. There, they will only be readable by the issuer.<\/p><p><b>2.2<\/b> What is the point of accepting cookies?<br \/>When you visit the website www.quintadashortencias.com, these cookies will record certain information that is stored in your terminal. This information serves, in particular, to offer you products based on the items you have already selected during your previous visits, and thus allow you to benefit from better navigation on our Site.<\/p>\t\t\t\t\t\t<\/div>\n\t\t\t\t<\/div>\n\t\t\t\t<div class=\"elementor-element elementor-element-b50eece elementor-invisible elementor-widget elementor-widget-heading\" data-id=\"b50eece\" data-element_type=\"widget\" data-settings=\"{&quot;_animation&quot;:&quot;fadeInUp&quot;}\" data-widget_type=\"heading.default\">\n\t\t\t\t<div class=\"elementor-widget-container\">\n\t\t\t<h2 class=\"elementor-heading-title elementor-size-default\">3 \u2013 REFUSE COOKIES<\/h2>\t\t<\/div>\n\t\t\t\t<\/div>\n\t\t\t\t<div class=\"elementor-element elementor-element-af280ce elementor-invisible elementor-widget elementor-widget-text-editor\" data-id=\"af280ce\" data-element_type=\"widget\" data-settings=\"{&quot;_animation&quot;:&quot;fadeInUp&quot;}\" data-widget_type=\"text-editor.default\">\n\t\t\t\t<div class=\"elementor-widget-container\">\n\t\t\t\t\t\t\t<p class=\" translation-block\"><strong>3.1<\/strong> If you refuse cookies<br>When you refuse cookies, we nevertheless install a \u201crefusal\u201d cookie. This cookie allows us to remember your choice, so as to avoid asking you on each visit whether you wish to accept or decline cookies.<\/p><p class=\" translation-block\"><strong>3.2<\/strong> Your browser configuration<br>The configuration of cookie management depends on each browser and is present in your browser's help menu.<\/p><p class=\" translation-block\"><strong>In Internet Explorer<\/strong><br>To customize cookie settings for a web page<br>In Internet Explorer, click the Tools button and then Internet Options.<br>Click the Privacy tab and then Sites.<br>In the Web Site Address space, enter the full address (URL) of the web page whose privacy settings you want to customize.<br>For example, http:\/\/www.microsoft.com.<br> To authorize the recording of cookies from the specified web page on your computer, click Allow. To prohibit the registration of cookies from the specified web page on your computer, click Block.<br>Repeat steps 3 and 4 for each web page you want to block or allow. When finished, click OK twice.<\/p><p class=\" translation-block\"><strong>In Safari<\/strong><br>Go to Preferences, click on the Privacy panel, then Manage Cookies.<\/p><p class=\" translation-block\"><strong>In Chrome<\/strong><br>Click on the Chrome menu located in the browser toolbar.<br>Select Settings.<br>Click on Show advanced settings.<br>In the \u201cPrivacy\u201d section , click on the Content settings button.<br>In the \u201cCookies\u201d section you can modify the following settings:<br>Delete cookies<br>Block cookies by default<br>Allow cookies by default<br>Create exceptions for website cookies or specific domains.<\/p><p class=\" translation-block\"><strong>In Firefox<\/strong><br>Click the Tools button, then Options.<br>Click the Privacy tab.<br>In History, select \u201cUse custom settings for history.\u201d.<br>Check the \u201caccept cookies\u201d box and click on exceptions to choose the websites that will or will not have permission to install cookies on your terminal.<\/p><p class=\" translation-block\"><strong>In Opera<\/strong><br>Preferences &gt; Advanced&gt; Cookies<br>Cookie preferences allow you to control how Opera handles cookies. The default setting is to accept all cookies.<br>Accept cookies<br>\u2013 All cookies are accepted (by default)<br>Accept cookies only from the site I visit<br>\u2013 Third party cookies, from a domain outside the one you are visiting will be refused<br>Never accept cookies<br>\u2013 All cookies will be refused<\/p>\t\t\t\t\t\t<\/div>\n\t\t\t\t<\/div>\n\t\t\t\t<div class=\"elementor-element elementor-element-c191e3b elementor-invisible elementor-widget elementor-widget-heading\" data-id=\"c191e3b\" data-element_type=\"widget\" data-settings=\"{&quot;_animation&quot;:&quot;fadeInUp&quot;}\" data-widget_type=\"heading.default\">\n\t\t\t\t<div class=\"elementor-widget-container\">\n\t\t\t<h2 class=\"elementor-heading-title elementor-size-default\">4 - LEGAL NOTICE UPDATE<\/h2>\t\t<\/div>\n\t\t\t\t<\/div>\n\t\t\t\t<div class=\"elementor-element elementor-element-ac8e644 elementor-invisible elementor-widget elementor-widget-text-editor\" data-id=\"ac8e644\" data-element_type=\"widget\" data-settings=\"{&quot;_animation&quot;:&quot;fadeInUp&quot;}\" data-widget_type=\"text-editor.default\">\n\t\t\t\t<div class=\"elementor-widget-container\">\n\t\t\t\t\t\t\tQuinta das Hort\u00eancias reserves the right to make any changes or corrections to this cookie notification. Please check this page regularly to review the information and check for updates.\t\t\t\t\t\t<\/div>\n\t\t\t\t<\/div>\n\t\t\t\t<div class=\"elementor-element elementor-element-37076d6 elementor-invisible elementor-widget elementor-widget-text-editor\" data-id=\"37076d6\" data-element_type=\"widget\" data-settings=\"{&quot;_animation&quot;:&quot;fadeInUp&quot;}\" data-widget_type=\"text-editor.default\">\n\t\t\t\t<div class=\"elementor-widget-container\">\n\t\t\t\t\t\t\t<p class=\" translation-block\">This notification was last updated on <strong>06 March 2023<\/strong><\/p>\t\t\t\t\t\t<\/div>\n\t\t\t\t<\/div>\n\t\t\t\t\t<\/div>\n\t\t<\/div>\n\t\t\t\t\t\t\t<\/div>\n\t\t<\/section>\n\t\t\t\t\t\t\t<\/div>","protected":false},"excerpt":{"rendered":"<p>Quinta das Hort\u00eancias Cookies Policy Este website utiliza cookies para melhorar o seu servi\u00e7o. 1 \u2013 O QUE S\u00c3O COOKIES? Os cookies s\u00e3o pequenos ficheiros de texto que um website, ao ser visitado pelo utilizador, coloca no seu computador ou no seu dispositivo m\u00f3vel atrav\u00e9s do navegador de internet (browser). A coloca\u00e7\u00e3o de cookies ajudar\u00e1 [&hellip;]<\/p>","protected":false},"author":1,"featured_media":2039,"parent":0,"menu_order":10,"comment_status":"closed","ping_status":"closed","template":"","meta":{"footnotes":""},"class_list":["post-973","page","type-page","status-publish","has-post-thumbnail","hentry"],"yoast_head":"<!-- This site is optimized with the Yoast SEO plugin v20.4 - https:\/\/yoast.com\/wordpress\/plugins\/seo\/ -->\n<title>POL\u00cdTICA DE COOKIES - QUINTA DAS HORT\u00caNCIAS | S\u00e3o Miguel - Azores<\/title>\n<meta name=\"robots\" content=\"index, follow, max-snippet:-1, max-video-preview:-1, noimageindex\" \/>\n<link rel=\"canonical\" href=\"https:\/\/quintadashortencias.com\/en\/cookiespolicy\/\" \/>\n<meta property=\"og:locale\" content=\"en_GB\" \/>\n<meta property=\"og:type\" content=\"article\" \/>\n<meta property=\"og:title\" content=\"POL\u00cdTICA DE COOKIES - QUINTA DAS HORT\u00caNCIAS | S\u00e3o Miguel - Azores\" \/>\n<meta property=\"og:description\" content=\"Quinta das Hort\u00eancias Cookies Policy Este website utiliza cookies para melhorar o seu servi\u00e7o. 1 \u2013 O QUE S\u00c3O COOKIES? Os cookies s\u00e3o pequenos ficheiros de texto que um website, ao ser visitado pelo utilizador, coloca no seu computador ou no seu dispositivo m\u00f3vel atrav\u00e9s do navegador de internet (browser). A coloca\u00e7\u00e3o de cookies ajudar\u00e1 [&hellip;]\" \/>\n<meta property=\"og:url\" content=\"https:\/\/quintadashortencias.com\/en\/cookiespolicy\/\" \/>\n<meta property=\"og:site_name\" content=\"QUINTA DAS HORT\u00caNCIAS | S\u00e3o Miguel - Azores\" \/>\n<meta property=\"article:modified_time\" content=\"2024-10-28T19:58:41+00:00\" \/>\n<meta property=\"og:image\" content=\"https:\/\/quintadashortencias.com\/wp-content\/uploads\/2023\/02\/A6509460-Copy.jpg\" \/>\n\t<meta property=\"og:image:width\" content=\"1920\" \/>\n\t<meta property=\"og:image:height\" content=\"1280\" \/>\n\t<meta property=\"og:image:type\" content=\"image\/jpeg\" \/>\n<meta name=\"twitter:card\" content=\"summary_large_image\" \/>\n<meta name=\"twitter:title\" content=\"POL\u00cdTICA DE COOKIES - QUINTA DAS HORT\u00caNCIAS | S\u00e3o Miguel - Azores\" \/>\n<meta name=\"twitter:image\" content=\"https:\/\/quintadashortencias.com\/wp-content\/uploads\/2023\/02\/A6509460-Copy.jpg\" \/>\n<meta name=\"twitter:label1\" content=\"Estimated reading time\" \/>\n\t<meta name=\"twitter:data1\" content=\"4 minutes\" \/>\n<script type=\"application\/ld+json\" class=\"yoast-schema-graph\">{\"@context\":\"https:\/\/schema.org\",\"@graph\":[{\"@type\":\"WebPage\",\"@id\":\"https:\/\/quintadashortencias.com\/cookiespolicy\/\",\"url\":\"https:\/\/quintadashortencias.com\/cookiespolicy\/\",\"name\":\"POL\u00cdTICA DE COOKIES - QUINTA DAS HORT\u00caNCIAS | S\u00e3o Miguel - Azores\",\"isPartOf\":{\"@id\":\"https:\/\/quintadashortencias.com\/#website\"},\"datePublished\":\"2022-12-20T23:42:22+00:00\",\"dateModified\":\"2024-10-28T19:58:41+00:00\",\"breadcrumb\":{\"@id\":\"https:\/\/quintadashortencias.com\/cookiespolicy\/#breadcrumb\"},\"inLanguage\":\"en-GB\",\"potentialAction\":[{\"@type\":\"ReadAction\",\"target\":[\"https:\/\/quintadashortencias.com\/cookiespolicy\/\"]}]},{\"@type\":\"BreadcrumbList\",\"@id\":\"https:\/\/quintadashortencias.com\/cookiespolicy\/#breadcrumb\",\"itemListElement\":[{\"@type\":\"ListItem\",\"position\":1,\"name\":\"Home\",\"item\":\"https:\/\/quintadashortencias.com\/\"},{\"@type\":\"ListItem\",\"position\":2,\"name\":\"POL\u00cdTICA DE COOKIES\"}]},{\"@type\":\"WebSite\",\"@id\":\"https:\/\/quintadashortencias.com\/#website\",\"url\":\"https:\/\/quintadashortencias.com\/\",\"name\":\"QUINTA DAS HORT\u00caNCIAS | S\u00e3o Miguel - Azores\",\"description\":\"O Alojamento Quinta das Hort\u00eancias situa-se em S\u00e3o Vicente Ferreira, na ilha de S\u00e3o Miguel nos A\u00e7ores, no meio do Oceano Atl\u00e2ntico.\",\"publisher\":{\"@id\":\"https:\/\/quintadashortencias.com\/#organization\"},\"potentialAction\":[{\"@type\":\"SearchAction\",\"target\":{\"@type\":\"EntryPoint\",\"urlTemplate\":\"https:\/\/quintadashortencias.com\/?s={search_term_string}\"},\"query-input\":\"required name=search_term_string\"}],\"inLanguage\":\"en-GB\"},{\"@type\":\"Organization\",\"@id\":\"https:\/\/quintadashortencias.com\/#organization\",\"name\":\"QUINTA DAS HORT\u00caNCIAS | S\u00e3o Miguel - Azores\",\"url\":\"https:\/\/quintadashortencias.com\/\",\"logo\":{\"@type\":\"ImageObject\",\"inLanguage\":\"en-GB\",\"@id\":\"https:\/\/quintadashortencias.com\/#\/schema\/logo\/image\/\",\"url\":\"https:\/\/quintadashortencias.com\/wp-content\/uploads\/2022\/12\/logo1.png\",\"contentUrl\":\"https:\/\/quintadashortencias.com\/wp-content\/uploads\/2022\/12\/logo1.png\",\"width\":350,\"height\":82,\"caption\":\"QUINTA DAS HORT\u00caNCIAS | S\u00e3o Miguel - Azores\"},\"image\":{\"@id\":\"https:\/\/quintadashortencias.com\/#\/schema\/logo\/image\/\"}}]}<\/script>\n<!-- \/ Yoast SEO plugin. -->","yoast_head_json":{"title":"POL\u00cdTICA DE COOKIES - QUINTA DAS HORT\u00caNCIAS | S\u00e3o Miguel - Azores","robots":{"index":"index","follow":"follow","max-snippet":"max-snippet:-1","max-video-preview":"max-video-preview:-1","imageindex":"noimageindex"},"canonical":"https:\/\/quintadashortencias.com\/en\/cookiespolicy\/","og_locale":"en_GB","og_type":"article","og_title":"POL\u00cdTICA DE COOKIES - QUINTA DAS HORT\u00caNCIAS | S\u00e3o Miguel - Azores","og_description":"Quinta das Hort\u00eancias Cookies Policy Este website utiliza cookies para melhorar o seu servi\u00e7o. 1 \u2013 O QUE S\u00c3O COOKIES? Os cookies s\u00e3o pequenos ficheiros de texto que um website, ao ser visitado pelo utilizador, coloca no seu computador ou no seu dispositivo m\u00f3vel atrav\u00e9s do navegador de internet (browser). A coloca\u00e7\u00e3o de cookies ajudar\u00e1 [&hellip;]","og_url":"https:\/\/quintadashortencias.com\/en\/cookiespolicy\/","og_site_name":"QUINTA DAS HORT\u00caNCIAS | S\u00e3o Miguel - Azores","article_modified_time":"2024-10-28T19:58:41+00:00","og_image":[{"width":1920,"height":1280,"url":"https:\/\/quintadashortencias.com\/wp-content\/uploads\/2023\/02\/A6509460-Copy.jpg","type":"image\/jpeg"}],"twitter_card":"summary_large_image","twitter_title":"POL\u00cdTICA DE COOKIES - QUINTA DAS HORT\u00caNCIAS | S\u00e3o Miguel - Azores","twitter_image":"https:\/\/quintadashortencias.com\/wp-content\/uploads\/2023\/02\/A6509460-Copy.jpg","twitter_misc":{"Estimated reading time":"4 minutes"},"schema":{"@context":"https:\/\/schema.org","@graph":[{"@type":"WebPage","@id":"https:\/\/quintadashortencias.com\/cookiespolicy\/","url":"https:\/\/quintadashortencias.com\/cookiespolicy\/","name":"POL\u00cdTICA DE COOKIES - QUINTA DAS HORT\u00caNCIAS | S\u00e3o Miguel - Azores","isPartOf":{"@id":"https:\/\/quintadashortencias.com\/#website"},"datePublished":"2022-12-20T23:42:22+00:00","dateModified":"2024-10-28T19:58:41+00:00","breadcrumb":{"@id":"https:\/\/quintadashortencias.com\/cookiespolicy\/#breadcrumb"},"inLanguage":"en-GB","potentialAction":[{"@type":"ReadAction","target":["https:\/\/quintadashortencias.com\/cookiespolicy\/"]}]},{"@type":"BreadcrumbList","@id":"https:\/\/quintadashortencias.com\/cookiespolicy\/#breadcrumb","itemListElement":[{"@type":"ListItem","position":1,"name":"Home","item":"https:\/\/quintadashortencias.com\/"},{"@type":"ListItem","position":2,"name":"POL\u00cdTICA DE COOKIES"}]},{"@type":"WebSite","@id":"https:\/\/quintadashortencias.com\/#website","url":"https:\/\/quintadashortencias.com\/","name":"QUINTA DAS HORT\u00caNCIAS | S\u00e3o Miguel - Azores","description":"O Alojamento Quinta das Hort\u00eancias situa-se em S\u00e3o Vicente Ferreira, na ilha de S\u00e3o Miguel nos A\u00e7ores, no meio do Oceano Atl\u00e2ntico.","publisher":{"@id":"https:\/\/quintadashortencias.com\/#organization"},"potentialAction":[{"@type":"SearchAction","target":{"@type":"EntryPoint","urlTemplate":"https:\/\/quintadashortencias.com\/?s={search_term_string}"},"query-input":"required name=search_term_string"}],"inLanguage":"en-GB"},{"@type":"Organization","@id":"https:\/\/quintadashortencias.com\/#organization","name":"QUINTA DAS HORT\u00caNCIAS | S\u00e3o Miguel - Azores","url":"https:\/\/quintadashortencias.com\/","logo":{"@type":"ImageObject","inLanguage":"en-GB","@id":"https:\/\/quintadashortencias.com\/#\/schema\/logo\/image\/","url":"https:\/\/quintadashortencias.com\/wp-content\/uploads\/2022\/12\/logo1.png","contentUrl":"https:\/\/quintadashortencias.com\/wp-content\/uploads\/2022\/12\/logo1.png","width":350,"height":82,"caption":"QUINTA DAS HORT\u00caNCIAS | S\u00e3o Miguel - Azores"},"image":{"@id":"https:\/\/quintadashortencias.com\/#\/schema\/logo\/image\/"}}]}},"_links":{"self":[{"href":"https:\/\/quintadashortencias.com\/en\/wp-json\/wp\/v2\/pages\/973","targetHints":{"allow":["GET"]}}],"collection":[{"href":"https:\/\/quintadashortencias.com\/en\/wp-json\/wp\/v2\/pages"}],"about":[{"href":"https:\/\/quintadashortencias.com\/en\/wp-json\/wp\/v2\/types\/page"}],"author":[{"embeddable":true,"href":"https:\/\/quintadashortencias.com\/en\/wp-json\/wp\/v2\/users\/1"}],"replies":[{"embeddable":true,"href":"https:\/\/quintadashortencias.com\/en\/wp-json\/wp\/v2\/comments?post=973"}],"version-history":[{"count":3,"href":"https:\/\/quintadashortencias.com\/en\/wp-json\/wp\/v2\/pages\/973\/revisions"}],"predecessor-version":[{"id":3126,"href":"https:\/\/quintadashortencias.com\/en\/wp-json\/wp\/v2\/pages\/973\/revisions\/3126"}],"wp:featuredmedia":[{"embeddable":true,"href":"https:\/\/quintadashortencias.com\/en\/wp-json\/wp\/v2\/media\/2039"}],"wp:attachment":[{"href":"https:\/\/quintadashortencias.com\/en\/wp-json\/wp\/v2\/media?parent=973"}],"curies":[{"name":"wp","href":"https:\/\/api.w.org\/{rel}","templated":true}]}}